{"id":32,"date":"2021-01-05T09:24:07","date_gmt":"2021-01-05T08:24:07","guid":{"rendered":"http:\/\/veligood.org\/?page_id=32"},"modified":"2024-04-19T16:24:18","modified_gmt":"2024-04-19T14:24:18","slug":"location-velo-solidaire","status":"publish","type":"page","link":"https:\/\/veligood.org\/?page_id=32","title":{"rendered":"Location de v\u00e9lo"},"content":{"rendered":"\n<p><a href=\"https:\/\/groupe-adequation.com\/veligood\" target=\"_blank\" rel=\"noreferrer noopener\">V\u00e9ligood<\/a> est tr\u00e8s engag\u00e9 aux c\u00f4t\u00e9s des collectivit\u00e9s &#8211;<strong> le <a href=\"https:\/\/www.paysvoironnais.com\/\" target=\"_blank\" rel=\"noreferrer noopener\">Pays Voironnais<\/a> et <a href=\"https:\/\/coeurdechartreuse.fr\/\" target=\"_blank\" rel=\"noreferrer noopener\">C\u0153ur de Chartreuse<\/a> <\/strong>&#8211; en organisant la location de V\u00e9los \u00e0 Assistance Electrique (VAE) \u00e0 bas prix, mais aussi en animant <a href=\"https:\/\/groupe-adequation.com\/mobilite-douce-pour-tous-ateliers-remise-en-selle-et-reparation-velo-voiron-19285\">des ateliers d&rsquo;apprentissage de la pratique et de la r\u00e9paration du v\u00e9lo.<\/a><\/p>\n\n\n\n<p><strong>Un parc de 50 VAE sur le Pays Voironnais et 8 VAE sur la Chartreuse<\/strong> sont ainsi propos\u00e9s \u00e0 la location pour des dur\u00e9es pouvant aller jusqu&rsquo;\u00e0 6 mois, \u00e0 un tarif tr\u00e8s adapt\u00e9 <strong>(25 \u20ac par mois)<\/strong>. Ce service est accessible aux demandeurs d&#8217;emploi, salari\u00e9s temporaires, alternants&#8230;<\/p>\n\n\n\n<h2 class=\"wp-block-heading\"><strong>Tarifs de location d&rsquo;un VAE :&nbsp;<\/strong><\/h2>\n\n\n\n<ul class=\"wp-block-list\">\n<li><strong>2 \u20ac\/jour<\/strong><\/li>\n\n\n\n<li><strong>8,50 \u20ac\/semaine<\/strong><\/li>\n\n\n\n<li><strong>25 \u20ac\/mois<\/strong> (50% de l&rsquo;abonnement mensuel pris en charge par l&#8217;employeur)<\/li>\n<\/ul>\n\n\n\n<div class=\"wp-block-buttons is-content-justification-center is-layout-flex wp-container-core-buttons-is-layout-a89b3969 wp-block-buttons-is-layout-flex\">\n<div class=\"wp-block-button\"><a class=\"wp-block-button__link wp-element-button\" href=\"http:\/\/groupe-adequation.com\/wp-content\/uploads\/2024\/04\/Fly-Velo-Solidaire-2023-HD-002.pdf\">t\u00e9l\u00e9chargez le flyer location de v\u00e9lo<\/a><\/div>\n<\/div>\n\n\n\n<figure class=\"wp-block-gallery has-nested-images columns-default is-cropped wp-block-gallery-2 is-layout-flex wp-block-gallery-is-layout-flex\">\n<figure class=\"wp-block-image size-large wp-duotone-unset-1\"><img loading=\"lazy\" decoding=\"async\" width=\"1024\" height=\"768\" data-id=\"176\" src=\"https:\/\/veligood.org\/wp-content\/uploads\/2024\/04\/Velos_solidaires_chartreuse_2-1024x768.jpg\" alt=\"\" class=\"wp-image-176\" srcset=\"https:\/\/veligood.org\/wp-content\/uploads\/2024\/04\/Velos_solidaires_chartreuse_2-1024x768.jpg 1024w, https:\/\/veligood.org\/wp-content\/uploads\/2024\/04\/Velos_solidaires_chartreuse_2-300x225.jpg 300w, https:\/\/veligood.org\/wp-content\/uploads\/2024\/04\/Velos_solidaires_chartreuse_2-768x576.jpg 768w, https:\/\/veligood.org\/wp-content\/uploads\/2024\/04\/Velos_solidaires_chartreuse_2-1536x1152.jpg 1536w, https:\/\/veligood.org\/wp-content\/uploads\/2024\/04\/Velos_solidaires_chartreuse_2-1200x900.jpg 1200w, https:\/\/veligood.org\/wp-content\/uploads\/2024\/04\/Velos_solidaires_chartreuse_2-1980x1485.jpg 1980w, https:\/\/veligood.org\/wp-content\/uploads\/2024\/04\/Velos_solidaires_chartreuse_2.jpg 2016w\" sizes=\"auto, (max-width: 1024px) 100vw, 1024px\" \/><figcaption class=\"wp-element-caption\">V\u00e9los Solidaires en Chartreuse<\/figcaption><\/figure>\n<\/figure>\n\n\n\n<figure class=\"wp-block-gallery has-nested-images columns-default is-cropped wp-block-gallery-4 is-layout-flex wp-block-gallery-is-layout-flex\">\n<figure class=\"wp-block-image size-large wp-duotone-unset-3\"><img loading=\"lazy\" decoding=\"async\" width=\"768\" height=\"1024\" data-id=\"178\" src=\"https:\/\/veligood.org\/wp-content\/uploads\/2024\/04\/IMG_6783-768x1024.jpg\" alt=\"\" class=\"wp-image-178\" srcset=\"https:\/\/veligood.org\/wp-content\/uploads\/2024\/04\/IMG_6783-768x1024.jpg 768w, https:\/\/veligood.org\/wp-content\/uploads\/2024\/04\/IMG_6783-225x300.jpg 225w, https:\/\/veligood.org\/wp-content\/uploads\/2024\/04\/IMG_6783-1152x1536.jpg 1152w, https:\/\/veligood.org\/wp-content\/uploads\/2024\/04\/IMG_6783-1536x2048.jpg 1536w, https:\/\/veligood.org\/wp-content\/uploads\/2024\/04\/IMG_6783-1200x1600.jpg 1200w, https:\/\/veligood.org\/wp-content\/uploads\/2024\/04\/IMG_6783-1980x2640.jpg 1980w, https:\/\/veligood.org\/wp-content\/uploads\/2024\/04\/IMG_6783-scaled.jpg 1920w\" sizes=\"auto, (max-width: 768px) 100vw, 768px\" \/><figcaption class=\"wp-element-caption\">V\u00e9los Solidaires au Pays Voironnais<\/figcaption><\/figure>\n<\/figure>\n\n\n\n<h2 class=\"wp-block-heading\">Comment louer votre v\u00e9lo ?<\/h2>\n\n\n\n<p>Ce service est r\u00e9serv\u00e9 aux personnes \u00e0 partir de 16 ans :<\/p>\n\n\n\n<ul class=\"wp-block-list\">\n<li>En recherche d&#8217;emploi<\/li>\n\n\n\n<li>en contrat CDD, int\u00e9rim, apprentis, stagiaires<\/li>\n\n\n\n<li>ou sous conditions de ressources<\/li>\n<\/ul>\n\n\n\n<p>Apr\u00e8s avoir contact\u00e9 l&rsquo;un de nos services, nous vous donnerons un rendez-vous pour \u00e9valuer vos besoins, \u00e9tablir le contrat de location, r\u00e9server votre v\u00e9lo et vous conseiller sur la pratique.<\/p>\n\n\n\n<h3 class=\"wp-block-heading\">Location de v\u00e9lo sur les communes du Pays Voironnais :<\/h3>\n\n\n\n<p>Contacter <a href=\"https:\/\/groupe-adequation.com\/veligood\">V\u00e9ligood<\/a> par t\u00e9l\u00e9phone au 06 82 83 26 80 ou par mail \u00e0 <a href=\"mailto:contact@veligood.org\" target=\"_blank\" rel=\"noreferrer noopener\">contact@veligood.org<\/a> du mardi au vendredi de 8h30 \u00e0 18h et le samedi de 9h \u00e0 12h.<\/p>\n\n\n\n<p>La r\u00e9cup\u00e9ration du v\u00e9lo se fait \u00e0 V\u00e9ligood, 33 rue Hector Blanchet \u00e0 Voiron.<\/p>\n\n\n\n<h3 class=\"wp-block-heading\">Location de v\u00e9lo sur les communes C\u0153ur de Chartreuse :<\/h3>\n\n\n\n<p>Contacter <a href=\"https:\/\/groupe-adequation.com\/veligood\">V\u00e9ligood<\/a> par t\u00e9l\u00e9phone au 06 82 83 26 80 ou par mail \u00e0 <a href=\"mailto:contact@veligood.org\" target=\"_blank\" rel=\"noreferrer noopener\">contact@veligood.org<\/a> du mardi au vendredi de 8h30 \u00e0 18h et le samedi de 9h \u00e0 12h.<\/p>\n\n\n\n<p>A noter : Pour les communes C\u0153ur de Chartreuse, la r\u00e9cup\u00e9ration du v\u00e9lo se fait \u00e0 la <a href=\"https:\/\/groupe-adequation.com\/ressourcerie-chartreuse\" target=\"_blank\" rel=\"noreferrer noopener\">Ressourcerie de Chartreuse,<\/a> 140 chemin de la Touvi\u00e8re \u00e0 Saint Laurent du Pont, du mercredi au samedi de 9h30 \u00e0 17h30.<\/p>\n\n\n\n<p><\/p>\n","protected":false},"excerpt":{"rendered":"<p>V\u00e9ligood est tr\u00e8s engag\u00e9 aux c\u00f4t\u00e9s des collectivit\u00e9s &#8211; le Pays Voironnais et C\u0153ur de Chartreuse &#8211; en organisant la location de V\u00e9los \u00e0 Assistance Electrique (VAE) \u00e0 bas prix, mais aussi en animant des ateliers d&rsquo;apprentissage de la pratique et de la r\u00e9paration du v\u00e9lo. Un parc de 50 VAE sur le Pays Voironnais [&hellip;]<\/p>\n","protected":false},"author":1,"featured_media":177,"parent":0,"menu_order":0,"comment_status":"closed","ping_status":"closed","template":"","meta":{"footnotes":""},"class_list":["post-32","page","type-page","status-publish","has-post-thumbnail","hentry"],"_links":{"self":[{"href":"https:\/\/veligood.org\/index.php?rest_route=\/wp\/v2\/pages\/32","targetHints":{"allow":["GET"]}}],"collection":[{"href":"https:\/\/veligood.org\/index.php?rest_route=\/wp\/v2\/pages"}],"about":[{"href":"https:\/\/veligood.org\/index.php?rest_route=\/wp\/v2\/types\/page"}],"author":[{"embeddable":true,"href":"https:\/\/veligood.org\/index.php?rest_route=\/wp\/v2\/users\/1"}],"replies":[{"embeddable":true,"href":"https:\/\/veligood.org\/index.php?rest_route=%2Fwp%2Fv2%2Fcomments&post=32"}],"version-history":[{"count":16,"href":"https:\/\/veligood.org\/index.php?rest_route=\/wp\/v2\/pages\/32\/revisions"}],"predecessor-version":[{"id":218,"href":"https:\/\/veligood.org\/index.php?rest_route=\/wp\/v2\/pages\/32\/revisions\/218"}],"wp:featuredmedia":[{"embeddable":true,"href":"https:\/\/veligood.org\/index.php?rest_route=\/wp\/v2\/media\/177"}],"wp:attachment":[{"href":"https:\/\/veligood.org\/index.php?rest_route=%2Fwp%2Fv2%2Fmedia&parent=32"}],"curies":[{"name":"wp","href":"https:\/\/api.w.org\/{rel}","templated":true}]}}