{"id":41,"date":"2021-01-05T09:39:40","date_gmt":"2021-01-05T08:39:40","guid":{"rendered":"http:\/\/veligood.org\/?page_id=41"},"modified":"2024-04-19T17:02:24","modified_gmt":"2024-04-19T15:02:24","slug":"vente-de-velos","status":"publish","type":"page","link":"https:\/\/veligood.org\/?page_id=41","title":{"rendered":"Vente de v\u00e9los"},"content":{"rendered":"\n<p>Gr\u00e2ce \u00e0 votre g\u00e9n\u00e9rosit\u00e9, V\u00e9ligood r\u00e9cup\u00e8re des v\u00e9los d&rsquo;occasion r\u00e9guli\u00e8rement.<\/p>\n\n\n\n<p>Cela nous permet soit de les recycler pour pi\u00e8ces, soit de leur donner une seconde jeunesse.<\/p>\n\n\n\n<p>Un v\u00e9lo a besoin au minimum d&rsquo;une journ\u00e9e de travail pour \u00eatre remis \u00e0 neuf. En effet, nous les remettons en \u00e9tat avec soin en les \u00e9quipant de pi\u00e8ces neuves: patins de freins, c\u00e2bles, gaines, chambres \u00e0 air et pneus.<\/p>\n\n\n\n<p>Notre but est de vous fournir un v\u00e9lo <strong>de qualit\u00e9 et fiable<\/strong>.<\/p>\n\n\n\n<p>Nous les proposons \u00e0 la vente dans notre local au <strong>33 Rue Hector Blanchet \u00e0 Voiron.<\/strong><\/p>\n\n\n\n<p>Pour vous informer sur nos v\u00e9los \u00e0 vendre, nous vous invitons \u00e0 nous contacter au 06 82 83 26 80. Vous pouvez \u00e9galement nous envoyer des SMS \u00e0 ce num\u00e9ro.<\/p>\n\n\n\n<div class=\"wp-block-buttons is-content-justification-center is-layout-flex wp-container-core-buttons-is-layout-a89b3969 wp-block-buttons-is-layout-flex\">\n<div class=\"wp-block-button\"><a class=\"wp-block-button__link wp-element-button\">voir notre magasin en ligne<\/a><\/div>\n<\/div>\n\n\n\n<p><\/p>\n\n\n\n<p><\/p>\n\n\n\n<figure class=\"wp-block-image size-large wp-duotone-unset-1\"><img loading=\"lazy\" decoding=\"async\" width=\"1024\" height=\"768\" src=\"https:\/\/veligood.org\/wp-content\/uploads\/2021\/05\/IMG_20210401_151650-1024x768.jpg\" alt=\"\" class=\"wp-image-129\" srcset=\"https:\/\/veligood.org\/wp-content\/uploads\/2021\/05\/IMG_20210401_151650-1024x768.jpg 1024w, https:\/\/veligood.org\/wp-content\/uploads\/2021\/05\/IMG_20210401_151650-300x225.jpg 300w, https:\/\/veligood.org\/wp-content\/uploads\/2021\/05\/IMG_20210401_151650-768x576.jpg 768w, https:\/\/veligood.org\/wp-content\/uploads\/2021\/05\/IMG_20210401_151650-1536x1152.jpg 1536w, https:\/\/veligood.org\/wp-content\/uploads\/2021\/05\/IMG_20210401_151650-2048x1536.jpg 2048w, https:\/\/veligood.org\/wp-content\/uploads\/2021\/05\/IMG_20210401_151650-1200x900.jpg 1200w, https:\/\/veligood.org\/wp-content\/uploads\/2021\/05\/IMG_20210401_151650-1980x1485.jpg 1980w\" sizes=\"auto, (max-width: 1024px) 100vw, 1024px\" \/><\/figure>\n","protected":false},"excerpt":{"rendered":"<p>Gr\u00e2ce \u00e0 votre g\u00e9n\u00e9rosit\u00e9, V\u00e9ligood r\u00e9cup\u00e8re des v\u00e9los d&rsquo;occasion r\u00e9guli\u00e8rement. Cela nous permet soit de les recycler pour pi\u00e8ces, soit de leur donner une seconde jeunesse. Un v\u00e9lo a besoin au minimum d&rsquo;une journ\u00e9e de travail pour \u00eatre remis \u00e0 neuf. En effet, nous les remettons en \u00e9tat avec soin en les \u00e9quipant de pi\u00e8ces [&hellip;]<\/p>\n","protected":false},"author":1,"featured_media":0,"parent":0,"menu_order":0,"comment_status":"closed","ping_status":"closed","template":"","meta":{"footnotes":""},"class_list":["post-41","page","type-page","status-publish","hentry"],"_links":{"self":[{"href":"https:\/\/veligood.org\/index.php?rest_route=\/wp\/v2\/pages\/41","targetHints":{"allow":["GET"]}}],"collection":[{"href":"https:\/\/veligood.org\/index.php?rest_route=\/wp\/v2\/pages"}],"about":[{"href":"https:\/\/veligood.org\/index.php?rest_route=\/wp\/v2\/types\/page"}],"author":[{"embeddable":true,"href":"https:\/\/veligood.org\/index.php?rest_route=\/wp\/v2\/users\/1"}],"replies":[{"embeddable":true,"href":"https:\/\/veligood.org\/index.php?rest_route=%2Fwp%2Fv2%2Fcomments&post=41"}],"version-history":[{"count":19,"href":"https:\/\/veligood.org\/index.php?rest_route=\/wp\/v2\/pages\/41\/revisions"}],"predecessor-version":[{"id":229,"href":"https:\/\/veligood.org\/index.php?rest_route=\/wp\/v2\/pages\/41\/revisions\/229"}],"wp:attachment":[{"href":"https:\/\/veligood.org\/index.php?rest_route=%2Fwp%2Fv2%2Fmedia&parent=41"}],"curies":[{"name":"wp","href":"https:\/\/api.w.org\/{rel}","templated":true}]}}