{"id":50,"date":"2021-01-07T13:39:42","date_gmt":"2021-01-07T12:39:42","guid":{"rendered":"http:\/\/veligood.org\/?page_id=50"},"modified":"2024-04-19T16:22:44","modified_gmt":"2024-04-19T14:22:44","slug":"presentation","status":"publish","type":"page","link":"https:\/\/veligood.org\/?page_id=50","title":{"rendered":"L&rsquo;atelier"},"content":{"rendered":"\n<figure class=\"wp-block-image size-large is-style-rounded wp-duotone-unset-2 is-style-rounded--1\"><img loading=\"lazy\" decoding=\"async\" width=\"1024\" height=\"455\" src=\"https:\/\/veligood.org\/wp-content\/uploads\/2021\/05\/couv_FV_Veligood_ok-2-1-1024x455.png\" alt=\"\" class=\"wp-image-136\" srcset=\"https:\/\/veligood.org\/wp-content\/uploads\/2021\/05\/couv_FV_Veligood_ok-2-1-1024x455.png 1024w, https:\/\/veligood.org\/wp-content\/uploads\/2021\/05\/couv_FV_Veligood_ok-2-1-300x133.png 300w, https:\/\/veligood.org\/wp-content\/uploads\/2021\/05\/couv_FV_Veligood_ok-2-1-768x341.png 768w, https:\/\/veligood.org\/wp-content\/uploads\/2021\/05\/couv_FV_Veligood_ok-2-1-1536x683.png 1536w, https:\/\/veligood.org\/wp-content\/uploads\/2021\/05\/couv_FV_Veligood_ok-2-1-1200x533.png 1200w, https:\/\/veligood.org\/wp-content\/uploads\/2021\/05\/couv_FV_Veligood_ok-2-1-1980x880.png 1980w, https:\/\/veligood.org\/wp-content\/uploads\/2021\/05\/couv_FV_Veligood_ok-2-1.png 2000w\" sizes=\"auto, (max-width: 1024px) 100vw, 1024px\" \/><\/figure>\n\n\n\n<p>Implant\u00e9 \u00e0 Voiron, le Groupe \u00e9conomique et solidaire Ad\u00e9quation a \u00e9t\u00e9 cr\u00e9\u00e9 \u00e0 partir de 1993. Il constitue un groupe associatif qui d\u00e9veloppe diff\u00e9rentes activit\u00e9s \u00e9conomiques permettant au plus grand nombre, quel que soit son profil et sa qualification, d\u2019acc\u00e9der au monde du travail.<\/p>\n\n\n\n<p>Historiquement compos\u00e9 de 5 activit\u00e9s, le groupe a cr\u00e9\u00e9 une sixi\u00e8me activit\u00e9 fin octobre 2020\u00a0: <strong>V\u00e9ligood<\/strong>. Cette activit\u00e9 est enti\u00e8rement d\u00e9di\u00e9e au v\u00e9lo \u00e0 travers 4 prestations compl\u00e9mentaires :<\/p>\n\n\n\n<ul class=\"wp-block-list\">\n<li><strong>Location de v\u00e9los \u00e0 assistance \u00e9lectrique<\/strong> \u00e0 des prix solidaires pour les salari\u00e9s temporaires (cdd, int\u00e9rim, insertion, temps partiel\u2026), les stagiaires et les apprentis.\u00a0<\/li>\n\n\n\n<li><strong>Vente de v\u00e9los d\u2019occasion r\u00e9vis\u00e9s<\/strong>\u00a0: r\u00e9cup\u00e9ration de v\u00e9los aupr\u00e8s de particuliers (notamment r\u00e9cup\u00e9r\u00e9s par vos g\u00e9n\u00e9reux dons), puis revente de ces v\u00e9los apr\u00e8s r\u00e9paration et r\u00e9vision\u00a0;<\/li>\n\n\n\n<li><strong>Entretien et r\u00e9paration de v\u00e9los<\/strong>\u00a0: atelier d\u2019entretien et de r\u00e9paration de v\u00e9los pour les particuliers\u00a0;<\/li>\n\n\n\n<li><strong>Livraison<\/strong>\u00a0: livraison \u00e0 v\u00e9lo \u00e0 assistance \u00e9lectrique de produits pour les restaurateurs, commer\u00e7ants, entreprises et administrations ; <\/li>\n\n\n\n<li>Ateliers de <strong>remise en selle<\/strong> pour des personnes qui n&rsquo;ont jamais ou peu fait de v\u00e9lo ; <\/li>\n\n\n\n<li>Nettoyage urbain et collecte de cartons aupr\u00e8s des commer\u00e7ants du centre ville de Voiron. <\/li>\n<\/ul>\n\n\n\n<p><\/p>\n","protected":false},"excerpt":{"rendered":"<p>Implant\u00e9 \u00e0 Voiron, le Groupe \u00e9conomique et solidaire Ad\u00e9quation a \u00e9t\u00e9 cr\u00e9\u00e9 \u00e0 partir de 1993. Il constitue un groupe associatif qui d\u00e9veloppe diff\u00e9rentes activit\u00e9s \u00e9conomiques permettant au plus grand nombre, quel que soit son profil et sa qualification, d\u2019acc\u00e9der au monde du travail. Historiquement compos\u00e9 de 5 activit\u00e9s, le groupe a cr\u00e9\u00e9 une sixi\u00e8me [&hellip;]<\/p>\n","protected":false},"author":1,"featured_media":0,"parent":0,"menu_order":0,"comment_status":"closed","ping_status":"closed","template":"","meta":{"footnotes":""},"class_list":["post-50","page","type-page","status-publish","hentry"],"_links":{"self":[{"href":"https:\/\/veligood.org\/index.php?rest_route=\/wp\/v2\/pages\/50","targetHints":{"allow":["GET"]}}],"collection":[{"href":"https:\/\/veligood.org\/index.php?rest_route=\/wp\/v2\/pages"}],"about":[{"href":"https:\/\/veligood.org\/index.php?rest_route=\/wp\/v2\/types\/page"}],"author":[{"embeddable":true,"href":"https:\/\/veligood.org\/index.php?rest_route=\/wp\/v2\/users\/1"}],"replies":[{"embeddable":true,"href":"https:\/\/veligood.org\/index.php?rest_route=%2Fwp%2Fv2%2Fcomments&post=50"}],"version-history":[{"count":13,"href":"https:\/\/veligood.org\/index.php?rest_route=\/wp\/v2\/pages\/50\/revisions"}],"predecessor-version":[{"id":216,"href":"https:\/\/veligood.org\/index.php?rest_route=\/wp\/v2\/pages\/50\/revisions\/216"}],"wp:attachment":[{"href":"https:\/\/veligood.org\/index.php?rest_route=%2Fwp%2Fv2%2Fmedia&parent=50"}],"curies":[{"name":"wp","href":"https:\/\/api.w.org\/{rel}","templated":true}]}}