{"id":54,"date":"2021-01-07T13:45:53","date_gmt":"2021-01-07T12:45:53","guid":{"rendered":"http:\/\/veligood.org\/?page_id=54"},"modified":"2024-04-19T17:03:12","modified_gmt":"2024-04-19T15:03:12","slug":"revision","status":"publish","type":"page","link":"https:\/\/veligood.org\/?page_id=54","title":{"rendered":"R\u00e9vision\/R\u00e9paration"},"content":{"rendered":"\n<p>Votre v\u00e9lo a des probl\u00e8mes ? Nous avons des solutions ! <\/p>\n\n\n\n<p>Contactez nous au 06 82 83 26 80 et nous vous proposerons un cr\u00e9neau pour entretenir votre v\u00e9lo.<\/p>\n\n\n\n<p>Nous prendrons en compte votre demande et vous ferons un devis gratuit. Ensuite libre \u00e0 vous de choisir ce que nous prendrons en charge. <\/p>\n\n\n\n<p>Si la r\u00e9paration est rapide, nous pouvons la faire sur place. Sinon, nous vous communiquerons un d\u00e9lai. Nous pouvons vous pr\u00eater gratuitement un v\u00e9lo de courtoisie pendant les r\u00e9parations si vous le d\u00e9sirez.<\/p>\n\n\n\n<p>Vous nous r\u00e9glerez seulement lorsque vous viendrez r\u00e9cup\u00e9rer votre v\u00e9lo. Nous acceptons les cartes bancaires, les ch\u00e8ques et l&rsquo;esp\u00e8ce.<\/p>\n\n\n\n<p><\/p>\n\n\n\n<figure class=\"wp-block-image size-large wp-duotone-unset-1\"><img loading=\"lazy\" decoding=\"async\" width=\"768\" height=\"1024\" src=\"https:\/\/veligood.org\/wp-content\/uploads\/2021\/05\/IMG_20210226_095507-1-768x1024.jpg\" alt=\"\" class=\"wp-image-122\" srcset=\"https:\/\/veligood.org\/wp-content\/uploads\/2021\/05\/IMG_20210226_095507-1-768x1024.jpg 768w, https:\/\/veligood.org\/wp-content\/uploads\/2021\/05\/IMG_20210226_095507-1-225x300.jpg 225w, https:\/\/veligood.org\/wp-content\/uploads\/2021\/05\/IMG_20210226_095507-1-1152x1536.jpg 1152w, https:\/\/veligood.org\/wp-content\/uploads\/2021\/05\/IMG_20210226_095507-1-1536x2048.jpg 1536w, https:\/\/veligood.org\/wp-content\/uploads\/2021\/05\/IMG_20210226_095507-1-1200x1600.jpg 1200w, https:\/\/veligood.org\/wp-content\/uploads\/2021\/05\/IMG_20210226_095507-1-1980x2640.jpg 1980w, https:\/\/veligood.org\/wp-content\/uploads\/2021\/05\/IMG_20210226_095507-1-scaled.jpg 1920w\" sizes=\"auto, (max-width: 768px) 100vw, 768px\" \/><\/figure>\n","protected":false},"excerpt":{"rendered":"<p>Votre v\u00e9lo a des probl\u00e8mes ? Nous avons des solutions ! Contactez nous au 06 82 83 26 80 et nous vous proposerons un cr\u00e9neau pour entretenir votre v\u00e9lo. Nous prendrons en compte votre demande et vous ferons un devis gratuit. Ensuite libre \u00e0 vous de choisir ce que nous prendrons en charge. Si la [&hellip;]<\/p>\n","protected":false},"author":1,"featured_media":0,"parent":0,"menu_order":0,"comment_status":"closed","ping_status":"closed","template":"","meta":{"footnotes":""},"class_list":["post-54","page","type-page","status-publish","hentry"],"_links":{"self":[{"href":"https:\/\/veligood.org\/index.php?rest_route=\/wp\/v2\/pages\/54","targetHints":{"allow":["GET"]}}],"collection":[{"href":"https:\/\/veligood.org\/index.php?rest_route=\/wp\/v2\/pages"}],"about":[{"href":"https:\/\/veligood.org\/index.php?rest_route=\/wp\/v2\/types\/page"}],"author":[{"embeddable":true,"href":"https:\/\/veligood.org\/index.php?rest_route=\/wp\/v2\/users\/1"}],"replies":[{"embeddable":true,"href":"https:\/\/veligood.org\/index.php?rest_route=%2Fwp%2Fv2%2Fcomments&post=54"}],"version-history":[{"count":13,"href":"https:\/\/veligood.org\/index.php?rest_route=\/wp\/v2\/pages\/54\/revisions"}],"predecessor-version":[{"id":230,"href":"https:\/\/veligood.org\/index.php?rest_route=\/wp\/v2\/pages\/54\/revisions\/230"}],"wp:attachment":[{"href":"https:\/\/veligood.org\/index.php?rest_route=%2Fwp%2Fv2%2Fmedia&parent=54"}],"curies":[{"name":"wp","href":"https:\/\/api.w.org\/{rel}","templated":true}]}}