{"id":75,"date":"2021-01-26T13:59:11","date_gmt":"2021-01-26T12:59:11","guid":{"rendered":"https:\/\/veligood.org\/?page_id=75"},"modified":"2024-04-19T16:20:13","modified_gmt":"2024-04-19T14:20:13","slug":"vtc-26-pouces-topbike-barre-oblique","status":"publish","type":"page","link":"https:\/\/veligood.org\/?page_id=75","title":{"rendered":"Contact"},"content":{"rendered":"\n<p>V\u00e9ligood<\/p>\n\n\n\n<p>33 rue Hector Blanchet<br>38500 Voiron. <\/p>\n\n\n\n<p>Tel: 06 82 83 26 80<\/p>\n\n\n\n<p>Ouvert du mardi au vendredi de 8h30 \u00e0 18h et le samedi de 9h \u00e0 12h<\/p>\n\n\n\n<p>Parking v\u00e9lo et auto<\/p>\n\n\n\n<p><\/p>\n\n\n\n<iframe src=\"https:\/\/www.google.com\/maps\/embed?pb=!1m18!1m12!1m3!1d6667.952471267297!2d5.591523906805371!3d45.358325991132304!2m3!1f0!2f0!3f0!3m2!1i1024!2i768!4f13.1!3m3!1m2!1s0x478ae594c260e82b%3A0x7c400a0e5ccdf48e!2sVeligood!5e0!3m2!1sfr!2sfr!4v1635441040761!5m2!1sfr!2sfr\" width=\"600\" height=\"450\" style=\"border:0;\" allowfullscreen=\"\" loading=\"lazy\"><\/iframe>\n\n\n\n<p><\/p>\n","protected":false},"excerpt":{"rendered":"<p>V\u00e9ligood 33 rue Hector Blanchet38500 Voiron. Tel: 06 82 83 26 80 Ouvert du mardi au vendredi de 8h30 \u00e0 18h et le samedi de 9h \u00e0 12h Parking v\u00e9lo et auto<\/p>\n","protected":false},"author":1,"featured_media":0,"parent":0,"menu_order":0,"comment_status":"closed","ping_status":"closed","template":"templates\/template-full-width.php","meta":{"footnotes":""},"class_list":["post-75","page","type-page","status-publish","hentry"],"_links":{"self":[{"href":"https:\/\/veligood.org\/index.php?rest_route=\/wp\/v2\/pages\/75","targetHints":{"allow":["GET"]}}],"collection":[{"href":"https:\/\/veligood.org\/index.php?rest_route=\/wp\/v2\/pages"}],"about":[{"href":"https:\/\/veligood.org\/index.php?rest_route=\/wp\/v2\/types\/page"}],"author":[{"embeddable":true,"href":"https:\/\/veligood.org\/index.php?rest_route=\/wp\/v2\/users\/1"}],"replies":[{"embeddable":true,"href":"https:\/\/veligood.org\/index.php?rest_route=%2Fwp%2Fv2%2Fcomments&post=75"}],"version-history":[{"count":11,"href":"https:\/\/veligood.org\/index.php?rest_route=\/wp\/v2\/pages\/75\/revisions"}],"predecessor-version":[{"id":214,"href":"https:\/\/veligood.org\/index.php?rest_route=\/wp\/v2\/pages\/75\/revisions\/214"}],"wp:attachment":[{"href":"https:\/\/veligood.org\/index.php?rest_route=%2Fwp%2Fv2%2Fmedia&parent=75"}],"curies":[{"name":"wp","href":"https:\/\/api.w.org\/{rel}","templated":true}]}}